{"id":239,"date":"2021-03-13T22:52:29","date_gmt":"2021-03-13T21:52:29","guid":{"rendered":"http:\/\/daniel-geissler.de\/?page_id=239"},"modified":"2021-03-13T22:52:29","modified_gmt":"2021-03-13T21:52:29","slug":"outdoor","status":"publish","type":"page","link":"http:\/\/daniel-geissler.de\/?page_id=239","title":{"rendered":"Outdoor"},"content":{"rendered":"\n<p>W\u00e4hrend der Pandemie haben wir einen Ausgleich zu unseren B\u00fcrojobs gesucht. So lag es Nahe so viel wie m\u00f6glich Zeit an der frischen Luft zu verbringen. Wir nehmen Euch hier mit zu einigen interessanten Zielen und Touren die wir insbesondere an den Wochenenden gerne auch mit Freunden unternehmen. Entdeckt die wundersch\u00f6ne Natur in unserer unmittelbaren Umgebung.<\/p>\n","protected":false},"excerpt":{"rendered":"<p>W\u00e4hrend der Pandemie haben wir einen Ausgleich zu unseren B\u00fcrojobs gesucht. So lag es Nahe so viel wie m\u00f6glich Zeit an der frischen Luft zu verbringen. Wir nehmen Euch hier mit zu einigen interessanten Zielen und Touren die wir insbesondere an den Wochenenden gerne auch mit Freunden unternehmen. Entdeckt die wundersch\u00f6ne Natur in unserer unmittelbaren [&hellip;]<\/p>\n","protected":false},"author":1,"featured_media":195,"parent":0,"menu_order":0,"comment_status":"closed","ping_status":"closed","template":"","meta":{"spay_email":""},"jetpack_sharing_enabled":true,"jetpack_shortlink":"https:\/\/wp.me\/P6H6bN-3R","jetpack_likes_enabled":true,"_links":{"self":[{"href":"http:\/\/daniel-geissler.de\/index.php?rest_route=\/wp\/v2\/pages\/239"}],"collection":[{"href":"http:\/\/daniel-geissler.de\/index.php?rest_route=\/wp\/v2\/pages"}],"about":[{"href":"http:\/\/daniel-geissler.de\/index.php?rest_route=\/wp\/v2\/types\/page"}],"author":[{"embeddable":true,"href":"http:\/\/daniel-geissler.de\/index.php?rest_route=\/wp\/v2\/users\/1"}],"replies":[{"embeddable":true,"href":"http:\/\/daniel-geissler.de\/index.php?rest_route=%2Fwp%2Fv2%2Fcomments&post=239"}],"version-history":[{"count":2,"href":"http:\/\/daniel-geissler.de\/index.php?rest_route=\/wp\/v2\/pages\/239\/revisions"}],"predecessor-version":[{"id":247,"href":"http:\/\/daniel-geissler.de\/index.php?rest_route=\/wp\/v2\/pages\/239\/revisions\/247"}],"wp:featuredmedia":[{"embeddable":true,"href":"http:\/\/daniel-geissler.de\/index.php?rest_route=\/wp\/v2\/media\/195"}],"wp:attachment":[{"href":"http:\/\/daniel-geissler.de\/index.php?rest_route=%2Fwp%2Fv2%2Fmedia&parent=239"}],"curies":[{"name":"wp","href":"https:\/\/api.w.org\/{rel}","templated":true}]}}